{"id":16,"date":"2025-07-17T12:56:27","date_gmt":"2025-07-17T10:56:27","guid":{"rendered":"https:\/\/puntiseguit.framegirona2.dev\/?page_id=16"},"modified":"2025-09-17T12:02:39","modified_gmt":"2025-09-17T10:02:39","slug":"politica-de-privacidad","status":"publish","type":"page","link":"https:\/\/bonaiguatrial.com\/ca\/politica-de-privacidad\/","title":{"rendered":"Pol\u00edtica de privacidad"},"content":{"rendered":"<div data-elementor-type=\"wp-page\" data-elementor-id=\"16\" class=\"elementor elementor-16\" data-elementor-post-type=\"page\">\n\t\t\t\t<div class=\"elementor-element elementor-element-8636368 e-con-full e-flex e-con e-parent\" data-id=\"8636368\" data-element_type=\"container\" data-e-type=\"container\" data-settings=\"{&quot;background_background&quot;:&quot;classic&quot;}\">\n\t\t\t\t<\/div>\n\t\t<div class=\"elementor-element elementor-element-67a8676 e-flex e-con-boxed elementor-invisible e-con e-parent\" data-id=\"67a8676\" data-element_type=\"container\" data-e-type=\"container\" data-settings=\"{&quot;animation&quot;:&quot;fadeIn&quot;}\">\n\t\t\t\t\t<div class=\"e-con-inner\">\n\t\t<div class=\"elementor-element elementor-element-d320175 e-con-full e-flex e-con e-child\" data-id=\"d320175\" data-element_type=\"container\" data-e-type=\"container\">\n\t\t\t\t<div class=\"elementor-element elementor-element-dd560ed elementor-widget elementor-widget-heading\" data-id=\"dd560ed\" data-element_type=\"widget\" data-e-type=\"widget\" data-widget_type=\"heading.default\">\n\t\t\t\t\t<h2 class=\"elementor-heading-title elementor-size-default\">POL\u00cdTICA DE PRIVACIDAD<\/h2>\t\t\t\t<\/div>\n\t\t\t\t<div class=\"elementor-element elementor-element-9c36332 elementor-widget elementor-widget-text-editor\" data-id=\"9c36332\" data-element_type=\"widget\" data-e-type=\"widget\" data-widget_type=\"text-editor.default\">\n\t\t\t\t\t\t\t\t\t<div class=\"iub_header\"><h5><span style=\"text-decoration: underline;\"><strong>Pol\u00edtica de privacidad de\u00a0www.bonaiguatrial.com<\/strong><\/span><\/h5><p>Para recibir la informaci\u00f3n sobre sus Datos Personales, la finalidad y las partes con las que se comparte, contacten con el Titular.<\/p><\/div><div class=\"one_line_col\"><p id=\"owner_of_the_data\">Titular y Responsable del tratamiento de los Datos<\/p><p>Si es usted un Usuario que precisa informaci\u00f3n sobre sus Datos Personales, contacte directamente con el Propietario mediante los siguientes datos de contacto:<\/p><p><strong>Correo electr\u00f3nico de contacto del Titular:<\/strong>\u00a0victor.bonaigua@gmail.com<\/p><\/div><div class=\"one_line_col\"><h5 id=\"types_of_data\"><span style=\"text-decoration: underline;\"><strong><br \/>Clases de Datos recogidos<\/strong><\/span><\/h5><p>El Titular no proporciona una lista de categor\u00edas de Datos Personales recogidos.<\/p><p>La informaci\u00f3n completa referente a cada categor\u00eda de Datos Personales que se recogen se proporciona en las secciones de la presente pol\u00edtica de privacidad dedicadas a tal fin o mediante textos explicativos espec\u00edficos que se muestran antes de la recogida de dichos Datos.<br \/>Los Datos Personales podr\u00e1n ser proporcionados libremente por el Usuario o, en caso de los Datos de Uso, ser\u00e1n recogidos autom\u00e1ticamente cuando se utilice esta Aplicaci\u00f3n.<br \/>Salvo que se indique lo contrario, todos los Datos solicitados por esta Aplicaci\u00f3n son obligatorios y la negativa a proporcionarlos podr\u00e1 imposibilitar que esta Aplicaci\u00f3n pueda proceder a la prestaci\u00f3n de sus servicios. En los casos en los que esta Aplicaci\u00f3n indique espec\u00edficamente que ciertos Datos no son obligatorios, los Usuarios ser\u00e1n libres de no comunicar tales Datos sin que esto tenga consecuencia alguna sobre la disponibilidad o el funcionamiento del Servicio.<br \/>Los Usuarios que tengan dudas sobre qu\u00e9 Datos son obligatorios pueden contactar con el Titular.<br \/>El uso de Cookies &#8211; o de otras herramientas de seguimiento &#8211; por parte de esta Aplicaci\u00f3n o por los titulares de servicios de terceros utilizados por esta Aplicaci\u00f3n tiene como finalidad la prestaci\u00f3n del Servicio solicitado por el Usuario, adem\u00e1s de cualesquiera otras finalidades que se describan en el presente documento y en la Pol\u00edtica de Cookies.<\/p><p>El Usuario asume la responsabilidad respecto de los Datos Personales de terceros que se obtengan, publiquen o compartan a trav\u00e9s de esta Aplicaci\u00f3n.<\/p><\/div><div class=\"one_line_col\"><h5 id=\"place_of_processing\"><span style=\"text-decoration: underline;\"><strong><br \/>Modalidad y lugar del tratamiento de los Datos recogidos<\/strong><\/span><\/h5><h5 class=\"iub-subheading iub-subheading-legal-mode-processing\"><strong>Modalidades de Tratamiento<\/strong><\/h5><p>El Titular tratar\u00e1 los Datos de los Usuarios de manera adecuada y adoptar\u00e1 las medidas de seguridad apropiadas para impedir el acceso, la revelaci\u00f3n, alteraci\u00f3n o destrucci\u00f3n no autorizados de los Datos.<br \/>El tratamiento de Datos se realizar\u00e1 mediante ordenadores y\/o herramientas inform\u00e1ticas, siguiendo procedimientos y modalidades organizativas estrictamente relacionadas con las finalidades se\u00f1aladas. Adem\u00e1s del Titular, en algunos casos podr\u00e1n acceder a los Datos ciertas categor\u00edas de personas autorizadas, relacionadas con el funcionamiento de esta Aplicaci\u00f3n (administraci\u00f3n, ventas, marketing, departamento jur\u00eddico y de administraci\u00f3n de sistemas) o contratistas externos que presten servicios al Titular (tales como proveedores externos de servicios t\u00e9cnicos, empresas de mensajer\u00eda, empresas de hosting, empresas de inform\u00e1tica, agencias de comunicaci\u00f3n) que ser\u00e1n nombrados por el Titular como Encargados del Tratamiento, si fuera necesario. Se podr\u00e1 solicitar al Titular en cualquier momento una lista actualizada de dichas personas.<\/p><h5 class=\"iub-subheading iub-subheading-legal-place\"><strong>Lugar<\/strong><\/h5><p>Los Datos se tratan en las oficinas del Titular, as\u00ed como en cualquier otro lugar en el que se encuentren situadas las partes implicadas en dicho proceso de tratamiento.<br \/>Dependiendo de la localizaci\u00f3n de los Usuarios, las transferencias de Datos pueden implicar la transferencia de los Datos de los Usuarios a otro pa\u00eds diferente al suyo propio. Para m\u00e1s informaci\u00f3n sobre el lugar de tratamiento de dichos Datos transferidos, los Usuarios podr\u00e1n consultar la secci\u00f3n que contiene los detalles sobre el tratamiento de los Datos Personales.<\/p><h5 class=\"iub-subheading iub-subheading-legal-time\"><strong>Per\u00edodo de conservaci\u00f3n<\/strong><\/h5><p>Salvo que se indique lo contrario en el presente documento, los Datos Personales ser\u00e1n tratados y conservados durante el tiempo necesario y para la finalidad por la que han sido recogidos y podr\u00e1n conservarse durante m\u00e1s tiempo debido a una obligaci\u00f3n legal pertinente o sobre la base del consentimiento de los Usuarios.<\/p><\/div><div data-locale=\"es\">\u00a0<\/div><h5 data-locale=\"es\"><strong><span style=\"text-decoration: underline;\">Pol\u00edtica de Cookies<\/span><\/strong><\/h5><div class=\"one_line_col\"><p>Esta Aplicaci\u00f3n utiliza Rastreadores. Para obtener m\u00e1s informaci\u00f3n, los Usuarios pueden consultar la\u00a0<span style=\"text-decoration: underline;\"><a class=\"show_comp_link iframe-preserve an-preserve\" title=\"Pol\u00edtica de Cookies\" href=\"https:\/\/bonaiguatrial.com\/ca\/politica-de-cookies\/\">Pol\u00edtica de Cookies<\/a><\/span>.<\/p><\/div><h5 id=\"cookie_policy_further_information\"><span style=\"text-decoration: underline;\"><strong><br \/>M\u00e1s informaci\u00f3n para los usuarios<\/strong><\/span><\/h5><h5 class=\"iub-subheading iub-subheading-legal-basis-of-processing\"><strong><br \/>Base jur\u00eddica del Tratamiento<\/strong><\/h5><p>El Titular podr\u00e1 tratar los Datos Personales del Usuario, si se cumple una de las siguientes condiciones:<\/p><ul><li>Cuando los Usuarios hayan dado su consentimiento para una o m\u00e1s finalidades espec\u00edficas.<\/li><li>Cuando la obtenci\u00f3n de Datos sea necesaria para el cumplimiento de un contrato con el Usuario y\/o cualquier otra obligaci\u00f3n precontractual del mismo;<\/li><li>Cuando el tratamiento sea necesario para el cumplimiento de una obligaci\u00f3n legal de obligado cumplimiento por parte del Usuario;<\/li><li>Cuando el tratamiento est\u00e9 relacionado con una tarea ejecutada en inter\u00e9s p\u00fablico o en el ejercicio de competencias oficiales otorgadas al Titular;<\/li><li>Cuando el tratamiento sea necesario con el fin de un inter\u00e9s leg\u00edtimo perseguido por el Titular o un tercero.<br \/><br \/><\/li><\/ul><p>En cualquier caso, el Titular est\u00e1 a su disposici\u00f3n para definir las bases jur\u00eddicas espec\u00edficas que se aplican al tratamiento y en particular, si la obtenci\u00f3n de los Datos Personales es un requisito contractual o estatutario o un requisito necesario para formalizar un contrato.<\/p><h5 class=\"iub-subheading iub-subheading-legal-time\"><strong><br \/>M\u00e1s informaci\u00f3n sobre el tiempo de retenci\u00f3n<\/strong><\/h5><p>Salvo que se indique lo contrario en el presente documento, los Datos Personales ser\u00e1n tratados y conservados durante el tiempo necesario y para la finalidad por la que han sido recogidos y podr\u00e1n conservarse durante m\u00e1s tiempo debido a una obligaci\u00f3n legal pertinente o sobre la base del consentimiento de los Usuarios.<\/p><p>Por lo tanto:<\/p><ul><li>Los Datos Personales recogidos para la formalizaci\u00f3n de un contrato entre el Titular y el Usuario deber\u00e1n conservarse como tales hasta en tanto dicho contrato se haya formalizado por completo.<\/li><li>Los Datos Personales recogidos en leg\u00edtimo inter\u00e9s del Titular deber\u00e1n conservarse durante el tiempo necesario para cumplir con dicha finalidad. Los Usuarios pueden encontrar informaci\u00f3n espec\u00edfica relacionada con el inter\u00e9s leg\u00edtimo del Titular consultando las secciones relevantes del presente documento o contactando con el Titular.<\/li><\/ul><p><br \/>El Titular podr\u00e1 conservar los Datos Personales durante un periodo adicional cuando el Usuario preste su consentimiento a tal tratamiento, siempre que dicho consentimiento siga vigente. Adem\u00e1s, el Titular podr\u00e1 estar obligado a conservar Datos Personales durante un periodo adicional siempre que se precise para el cumplimiento de una obligaci\u00f3n legal o por orden que proceda de la autoridad.<br \/><br \/>Una vez terminado el per\u00edodo de conservaci\u00f3n, los Datos Personales deber\u00e1n eliminarse. Por lo tanto, los derechos de acceso, supresi\u00f3n, rectificaci\u00f3n y de portabilidad de datos no podr\u00e1n ejercerse una vez haya expirado dicho periodo de conservaci\u00f3n.<\/p><h5 id=\"rights_subjects\"><strong><br \/>Los derechos de los Usuarios basados en el Reglamento General de Protecci\u00f3n de datos (RGPD)<\/strong><\/h5><p>Los Usuarios podr\u00e1n ejercer ciertos derechos en relaci\u00f3n con sus Datos que sean tratados por el Titular.<\/p><p>En particular, los Usuarios tienen derecho a hacer lo siguiente, en la medida en que lo permita la ley:<\/p><ul><li><strong>Retirar su consentimiento en cualquier momento.<\/strong>\u00a0Los Usuarios tienen derecho a retirar su consentimiento cuando lo hubieran otorgado con anterioridad para el tratamiento de sus Datos Personales.<\/li><li><strong>Objeci\u00f3n al tratamiento de sus Datos.<\/strong>\u00a0Los Usuarios tienen derecho a oponerse al tratamiento de sus Datos si dicho tratamiento se lleva a cabo con arreglo a una base jur\u00eddica distinta del consentimiento.<\/li><li><strong>Acceso a sus Datos.<\/strong>\u00a0Los Usuarios tienen derecho a saber si sus Datos son tratados por el Titular, a obtener informaci\u00f3n sobre ciertos aspectos del tratamiento, as\u00ed como a obtener una copia de los Datos objeto del tratamiento.<\/li><li><strong>Verificar y solicitar la rectificaci\u00f3n.<\/strong>\u00a0Los Usuarios tienen derecho a verificar la exactitud de sus Datos y solicitar que los mismos se actualicen o corrijan.<\/li><li><strong>Limitar el tratamiento de sus Datos.<\/strong>\u00a0Los Usuarios tienen derecho a limitar el tratamiento de sus Datos. En ese supuesto, el Titular solo tratar\u00e1 sus Datos con la finalidad de almacenarlos.<\/li><li><strong>Borrar o eliminar los Datos Personales.<\/strong>\u00a0Los Usuarios tienen derecho a obtener la supresi\u00f3n de sus Datos por parte del Titular.<\/li><li><strong>Recibir sus Datos y transferirlos a otro responsable.<\/strong>\u00a0Los Usuarios tienen derecho a recibir sus Datos en un formato estructurado, de uso com\u00fan y lectura mec\u00e1nica y, si fuera t\u00e9cnicamente posible, a que se transmitan los mismos a otro responsable sin ning\u00fan impedimento.<\/li><li><strong>Presentar una reclamaci\u00f3n.<\/strong>\u00a0Los Usuarios tienen derecho a presentar una reclamaci\u00f3n ante la autoridad competente en materia de protecci\u00f3n de Datos Personales.<\/li><\/ul><p><br \/>Los Usuarios tambi\u00e9n tendr\u00e1n derecho a conocer las bases legales de las transferencias de Datos al extranjero, incluido a cualquier organizaci\u00f3n internacional que se rija por el Derecho Internacional P\u00fablico o que est\u00e9 formada por dos o m\u00e1s pa\u00edses, como la ONU, y a conocer las medidas de seguridad tomadas por el Titular para salvaguardar sus Datos.<\/p><h5 class=\"iub-subheading iub-subheading-legal-right-to-object\"><strong><br \/>Informaci\u00f3n sobre el derecho de oposici\u00f3n al tratamiento<\/strong><\/h5><p><strong>Cuando el tratamiento de los Datos Personales se realice en inter\u00e9s p\u00fablico, en el ejercicio de poderes p\u00fablicos conferidos al Titular o con motivo de un inter\u00e9s leg\u00edtimo perseguido por el Titular, los Usuarios podr\u00e1n oponerse a dicho tratamiento alegando un motivo relacionado con su situaci\u00f3n particular para justificar su oposici\u00f3n.<\/strong><\/p><p><strong>Los Usuarios deben saber, sin embargo, que en caso de que sus Datos Personales sean tratados con fines de marketing directo, pueden oponerse en cualquier momento a tal tratamiento, de forma gratuita y sin necesidad de justificaci\u00f3n. Cuanto el Usuario se oponga al tratamiento para fines de marketing directo, los Datos Personales no podr\u00e1n continuar siendo tratados para tales fines. Para saber si los Datos Personales de los Usuarios est\u00e1n siendo tratados por el Titular para fines de marketing directo, los Usuarios deber\u00e1n consultar las secciones relevantes del presente documento.<\/strong><\/p><h5 class=\"iub-subheading iub-subheading-legal-how-to-exercise\"><strong><br \/>C\u00f3mo ejercer estos derechos<\/strong><\/h5><p>Cualquier solicitud de ejercicio de los derechos del Usuario puede dirigirse al Propietario a trav\u00e9s de los datos de contacto facilitados en este documento. Dichas solicitudes son gratuitas y el Titular responder\u00e1 a ellas tan pronto como le sea posible y siempre dentro del plazo de un mes, proporcionando a los Usuarios la informaci\u00f3n exigida por la ley. El Titular comunicar\u00e1 cualquier rectificaci\u00f3n o supresi\u00f3n de Datos Personales o limitaci\u00f3n del tratamiento a cada destinatario, en su caso, al que se le hayan comunicado los Datos Personales, salvo que sea imposible o exija un esfuerzo desproporcionado. A solicitud de los Usuarios, el Titular les informar\u00e1 sobre dichos destinatarios.<\/p><div class=\"one_line_col\">\u00a0<\/div><div class=\"one_line_col\"><h5 id=\"further_data_processing_info\"><span style=\"text-decoration: underline;\"><strong>Informaci\u00f3n adicional sobre la recogida de Datos y su tratamiento<\/strong><\/span><\/h5><h5 class=\"iub-subheading iub-subheading-legal-protection\"><br \/><strong>Defensa jur\u00eddica<\/strong><\/h5><p>Los Datos Personales del Usuario podr\u00e1n ser utilizados para la defensa jur\u00eddica del Titular ante un tribunal o en las fases judiciales previas a un posible pleito derivado del uso inapropiado de esta Aplicaci\u00f3n o de los Servicios relacionados.<br \/>El Usuario declara conocer que el Titular puede ser requerido por las autoridades p\u00fablicas a fin de revelar Datos Personales.<\/p><h5 class=\"iub-subheading iub-subheading-legal-specific-info\"><strong><br \/>Informaci\u00f3n adicional acerca de los Datos Personales del Usuario<\/strong><\/h5><p>Adem\u00e1s de las informaciones contenidas en esta pol\u00edtica de privacidad, esta Aplicaci\u00f3n podr\u00e1 proporcionar al Usuario informaci\u00f3n adicional y contextual relativa a Servicios espec\u00edficos o a la recogida y tratamiento de los Datos Personales.<\/p><h5 class=\"iub-subheading iub-subheading-legal-maintenance\"><strong><br \/>Log del sistema y mantenimiento<\/strong><\/h5><p>Por motivos relativos al funcionamiento y mantenimiento, esta Aplicaci\u00f3n y cualquier otro servicio, proporcionado por terceros, que se utilice, podr\u00e1 recoger un registro del sistema; es decir, archivos que registren la interacci\u00f3n con esta Aplicaci\u00f3n y que puedan contener Datos Personales, tales como la direcci\u00f3n IP del Usuario.<\/p><h5 class=\"iub-subheading iub-subheading-legal-information-not-contained\"><strong><br \/>Informaci\u00f3n no contenida en esta pol\u00edtica de privacidad<\/strong><\/h5><p>Se podr\u00e1 solicitar en cualquier momento informaci\u00f3n adicional sobre la recogida y el tratamiento de los Datos Personales al Titular. La informaci\u00f3n de contacto se indica al inicio del presente documento.<\/p><h5 class=\"iub-subheading iub-subheading-legal-changes-to-this-privacy-policy\"><strong><br \/>Modificaci\u00f3n de la presente pol\u00edtica de privacidad<\/strong><\/h5><p>El Titular se reserva el derecho de modificar esta pol\u00edtica de privacidad en cualquier momento, notific\u00e1ndolo a los Usuarios a trav\u00e9s de esta p\u00e1gina y, a ser posible, a trav\u00e9s de esta Aplicaci\u00f3n y\/o de ser t\u00e9cnica y legalmente posible notificando directamente a los Usuarios, en caso de que el Titular cuente con la informaci\u00f3n de contacto necesaria a tal fin. Se recomienda encarecidamente que revisen esta p\u00e1gina con frecuencia, tomando como referencia la fecha de la \u00faltima actualizaci\u00f3n indicada al final de la p\u00e1gina.<br \/><br \/>En el caso de que los cambios afectasen a las actividades de tratamiento realizadas en base al consentimiento del Usuario, el Titular deber\u00e1 obtener, si fuera necesario, el nuevo consentimiento del Usuario.<\/p><\/div>\t\t\t\t\t\t\t\t<\/div>\n\t\t\t\t<\/div>\n\t\t\t\t\t<\/div>\n\t\t\t\t<\/div>\n\t\t\t\t<\/div>","protected":false},"excerpt":{"rendered":"<p>POL\u00cdTICA DE PRIVACIDAD Pol\u00edtica de privacidad de\u00a0www.bonaiguatrial.com Para recibir la informaci\u00f3n sobre sus Datos Personales, la finalidad y las partes con las que se comparte, contacten con el Titular. Titular y Responsable del tratamiento de los Datos Si es usted un Usuario que precisa informaci\u00f3n sobre sus Datos Personales, contacte directamente con el Propietario mediante [&hellip;]<\/p>\n","protected":false},"author":1,"featured_media":0,"parent":0,"menu_order":0,"comment_status":"closed","ping_status":"closed","template":"","meta":{"footnotes":""},"class_list":["post-16","page","type-page","status-publish","hentry"],"_links":{"self":[{"href":"https:\/\/bonaiguatrial.com\/ca\/wp-json\/wp\/v2\/pages\/16","targetHints":{"allow":["GET"]}}],"collection":[{"href":"https:\/\/bonaiguatrial.com\/ca\/wp-json\/wp\/v2\/pages"}],"about":[{"href":"https:\/\/bonaiguatrial.com\/ca\/wp-json\/wp\/v2\/types\/page"}],"author":[{"embeddable":true,"href":"https:\/\/bonaiguatrial.com\/ca\/wp-json\/wp\/v2\/users\/1"}],"replies":[{"embeddable":true,"href":"https:\/\/bonaiguatrial.com\/ca\/wp-json\/wp\/v2\/comments?post=16"}],"version-history":[{"count":7,"href":"https:\/\/bonaiguatrial.com\/ca\/wp-json\/wp\/v2\/pages\/16\/revisions"}],"predecessor-version":[{"id":857,"href":"https:\/\/bonaiguatrial.com\/ca\/wp-json\/wp\/v2\/pages\/16\/revisions\/857"}],"wp:attachment":[{"href":"https:\/\/bonaiguatrial.com\/ca\/wp-json\/wp\/v2\/media?parent=16"}],"curies":[{"name":"wp","href":"https:\/\/api.w.org\/{rel}","templated":true}]}}