{"id":12,"date":"2025-07-04T13:35:11","date_gmt":"2025-07-04T11:35:11","guid":{"rendered":"https:\/\/backup.framegirona.dev\/?page_id=12"},"modified":"2026-03-09T11:50:40","modified_gmt":"2026-03-09T10:50:40","slug":"inicio","status":"publish","type":"page","link":"https:\/\/bonaiguatrial.com\/ca\/","title":{"rendered":"Inicio"},"content":{"rendered":"\t\t<div data-elementor-type=\"wp-page\" data-elementor-id=\"12\" class=\"elementor elementor-12\" data-elementor-post-type=\"page\">\n\t\t\t\t<div class=\"elementor-element elementor-element-1520c37 e-con-full e-flex e-con e-parent\" data-id=\"1520c37\" data-element_type=\"container\" data-e-type=\"container\" data-settings=\"{&quot;background_background&quot;:&quot;slideshow&quot;,&quot;background_slideshow_gallery&quot;:[{&quot;id&quot;:233,&quot;url&quot;:&quot;https:\\\/\\\/bonaiguatrial.com\\\/wp-content\\\/uploads\\\/2025\\\/09\\\/1.jpg&quot;},{&quot;id&quot;:234,&quot;url&quot;:&quot;https:\\\/\\\/bonaiguatrial.com\\\/wp-content\\\/uploads\\\/2025\\\/09\\\/2.jpg&quot;},{&quot;id&quot;:235,&quot;url&quot;:&quot;https:\\\/\\\/bonaiguatrial.com\\\/wp-content\\\/uploads\\\/2025\\\/09\\\/3.jpg&quot;}],&quot;background_slideshow_slide_duration&quot;:3000,&quot;background_slideshow_ken_burns&quot;:&quot;yes&quot;,&quot;background_slideshow_loop&quot;:&quot;yes&quot;,&quot;background_slideshow_slide_transition&quot;:&quot;fade&quot;,&quot;background_slideshow_transition_duration&quot;:500,&quot;background_slideshow_ken_burns_zoom_direction&quot;:&quot;in&quot;}\">\n\t\t\t\t<\/div>\n\t\t<div class=\"elementor-element elementor-element-bc07ac7 e-flex e-con-boxed elementor-invisible e-con e-parent\" data-id=\"bc07ac7\" data-element_type=\"container\" data-e-type=\"container\" data-settings=\"{&quot;animation&quot;:&quot;fadeIn&quot;}\">\n\t\t\t\t\t<div class=\"e-con-inner\">\n\t\t<div class=\"elementor-element elementor-element-d71c935 e-con-full e-flex e-con e-child\" data-id=\"d71c935\" data-element_type=\"container\" data-e-type=\"container\">\n\t\t\t\t<div class=\"elementor-element elementor-element-4cee793 elementor-widget elementor-widget-heading\" data-id=\"4cee793\" data-element_type=\"widget\" data-e-type=\"widget\" data-widget_type=\"heading.default\">\n\t\t\t\t\t<h2 class=\"elementor-heading-title elementor-size-default\">Binevenidos\/as a mi sitio web <\/h2>\t\t\t\t<\/div>\n\t\t\t\t<div class=\"elementor-element elementor-element-6d361fa elementor-widget elementor-widget-heading\" data-id=\"6d361fa\" data-element_type=\"widget\" data-e-type=\"widget\" data-widget_type=\"heading.default\">\n\t\t\t\t\t<h2 class=\"elementor-heading-title elementor-size-default\">un lugar de encuentro para todos los aficionados al TRIAL.<\/h2>\t\t\t\t<\/div>\n\t\t\t\t<div class=\"elementor-element elementor-element-bdc3dd8 elementor-widget elementor-widget-button\" data-id=\"bdc3dd8\" data-element_type=\"widget\" data-e-type=\"widget\" data-widget_type=\"button.default\">\n\t\t\t\t\t\t\t\t\t\t<a class=\"elementor-button elementor-button-link elementor-size-sm\" href=\"\/quien-soy\">\n\t\t\t\t\t\t<span class=\"elementor-button-content-wrapper\">\n\t\t\t\t\t\t\t\t\t<span class=\"elementor-button-text\">QUI\u00c9N SOY <\/span>\n\t\t\t\t\t<\/span>\n\t\t\t\t\t<\/a>\n\t\t\t\t\t\t\t\t<\/div>\n\t\t\t\t<\/div>\n\t\t<div class=\"elementor-element elementor-element-569d97a e-con-full e-flex e-con e-child\" data-id=\"569d97a\" data-element_type=\"container\" data-e-type=\"container\">\n\t\t\t\t<div class=\"elementor-element elementor-element-926ce85 elementor-widget elementor-widget-text-editor\" data-id=\"926ce85\" data-element_type=\"widget\" data-e-type=\"widget\" data-widget_type=\"text-editor.default\">\n\t\t\t\t\t\t\t\t\t<p>\u201cDescubridor\u201d de las ruedas de tacos a los 6 a\u00f1os. Tan solo un ni\u00f1o, pero ya entonces, en aquella casa h\u00fameda de <strong>La Floresta<\/strong> (Sant Cugat), mis padres, <strong>Jos\u00e9 Antonio<\/strong> y <strong>Mar\u00eda, <\/strong>me metieron, casi sin darse cuenta, la gasolina en las venas. Especialmente mi padre. All\u00ed, entre olores a tierra mojada y verdes monta\u00f1as, empez\u00f3 todo. Sin saberlo, estaba naciendo la pasi\u00f3n que acabar\u00eda marcando mi vida: el <strong>TRIAL<\/strong>.<\/p><p>Tampoco ser\u00eda yo si no hablara de <strong>Merc\u00e8<\/strong>, mi esposa. En aquel entorno \u00fanico de <strong>Calafat<\/strong> (L\u2019Ametlla de Mar), donde nuestros caminos se cruzaron, comenz\u00f3 una historia que a\u00fan hoy seguimos escribiendo juntos. Ella ha sido y es mi gu\u00eda, mi equilibrio. Sin su compa\u00f1\u00eda, nada de lo que soy hoy ser\u00eda posible.<\/p><p>Y c\u00f3mo olvidar aquel peque\u00f1o apartamento en <strong>Vielha<\/strong> (Val d\u2019Aran). En esa \u00e9poca, ya con nuestra hija <strong>Marta<\/strong>, descubr\u00ed la verdadera esencia del <strong>TRIAL-excursi\u00f3n<\/strong>. Fue all\u00ed, entre monta\u00f1as, silencio y libertad, donde naci\u00f3 el \u201c<strong>bonaigua<\/strong>\u201d.<\/p><p>Por \u00faltimo, quiero mencionar el negocio familiar que comparto con mis hermanos, <strong>Francesc<\/strong> y <strong>Margarita<\/strong>, en <strong>l\u2019Hospitalet de Llobregat<\/strong>. Aquel cambio de ubicaci\u00f3n no solo transform\u00f3 nuestra vida profesional: me llev\u00f3 a conocer a un grupo de buenos amigos trialeros que, a los 25 a\u00f1os, reavivaron en m\u00ed la chispa de esta afici\u00f3n que nunca se hab\u00eda apagado del todo.<\/p>\t\t\t\t\t\t\t\t<\/div>\n\t\t\t\t<\/div>\n\t\t<div class=\"elementor-element elementor-element-92ee1ee e-con-full e-flex e-con e-child\" data-id=\"92ee1ee\" data-element_type=\"container\" data-e-type=\"container\">\n\t\t\t\t<div class=\"elementor-element elementor-element-65b56a3 elementor-widget-mobile__width-initial elementor-widget elementor-widget-image\" data-id=\"65b56a3\" data-element_type=\"widget\" data-e-type=\"widget\" data-widget_type=\"image.default\">\n\t\t\t\t\t\t\t\t\t\t\t\t\t\t\t<img fetchpriority=\"high\" decoding=\"async\" width=\"280\" height=\"373\" src=\"https:\/\/bonaiguatrial.com\/wp-content\/uploads\/2025\/08\/280_0_5102942_97533.jpg\" class=\"attachment-large size-large wp-image-87\" alt=\"\" \/>\t\t\t\t\t\t\t\t\t\t\t\t\t\t\t<\/div>\n\t\t\t\t<div class=\"elementor-element elementor-element-971bef1 elementor-widget elementor-widget-text-editor\" data-id=\"971bef1\" data-element_type=\"widget\" data-e-type=\"widget\" data-widget_type=\"text-editor.default\">\n\t\t\t\t\t\t\t\t\t<p>V\u00edctor Mart\u00edn Bordonau, 28 de octubre de 1961, barcelon\u00e9s.<\/p>\t\t\t\t\t\t\t\t<\/div>\n\t\t\t\t<\/div>\n\t\t\t\t\t<\/div>\n\t\t\t\t<\/div>\n\t\t<div class=\"elementor-element elementor-element-314ba4a e-con-full animated-slow e-flex elementor-invisible e-con e-parent\" data-id=\"314ba4a\" data-element_type=\"container\" data-e-type=\"container\" data-settings=\"{&quot;background_background&quot;:&quot;classic&quot;,&quot;animation&quot;:&quot;fadeIn&quot;}\">\n\t\t\t\t<div class=\"elementor-element elementor-element-c8f20ff elementor-widget elementor-widget-heading\" data-id=\"c8f20ff\" data-element_type=\"widget\" data-e-type=\"widget\" data-widget_type=\"heading.default\">\n\t\t\t\t\t<h2 class=\"elementor-heading-title elementor-size-default\">Familia, Amigos, TRIAL, Monta\u00f1a y Mar, cinco conceptos y cinco entornos que formar\u00edan, por siempre jam\u00e1s, parte de mi vida.<\/h2>\t\t\t\t<\/div>\n\t\t\t\t<\/div>\n\t\t<div class=\"elementor-element elementor-element-208d0df e-flex e-con-boxed elementor-invisible e-con e-parent\" data-id=\"208d0df\" data-element_type=\"container\" data-e-type=\"container\" data-settings=\"{&quot;animation&quot;:&quot;fadeIn&quot;}\">\n\t\t\t\t\t<div class=\"e-con-inner\">\n\t\t<div class=\"elementor-element elementor-element-0f678e3 e-con-full e-flex e-con e-child\" data-id=\"0f678e3\" data-element_type=\"container\" data-e-type=\"container\">\n\t\t\t\t<div class=\"elementor-element elementor-element-b90399f elementor-widget elementor-widget-heading\" data-id=\"b90399f\" data-element_type=\"widget\" data-e-type=\"widget\" data-widget_type=\"heading.default\">\n\t\t\t\t\t<h2 class=\"elementor-heading-title elementor-size-default\">\u00bfPor qu\u00e9 naci\u00f3 este proyecto?<\/h2>\t\t\t\t<\/div>\n\t\t\t\t<div class=\"elementor-element elementor-element-fe1121c elementor-widget elementor-widget-heading\" data-id=\"fe1121c\" data-element_type=\"widget\" data-e-type=\"widget\" data-widget_type=\"heading.default\">\n\t\t\t\t\t<h2 class=\"elementor-heading-title elementor-size-default\">UNA MIRADA COMPLETA AL MUNDO DEL TRIAL<\/h2>\t\t\t\t<\/div>\n\t\t\t\t<div class=\"elementor-element elementor-element-ebb597d elementor-widget elementor-widget-text-editor\" data-id=\"ebb597d\" data-element_type=\"widget\" data-e-type=\"widget\" data-widget_type=\"text-editor.default\">\n\t\t\t\t\t\t\t\t\t<p>En plena era de las nuevas tecnolog\u00edas, donde Internet parece abarcarlo todo, puede resultar casi atrevido publicar una web como esta. La red est\u00e1 saturada de noticias, im\u00e1genes e informaci\u00f3n de todo tipo, y dar forma a este portal dedicado al <strong>TRIAL<\/strong> no ha sido un trabajo sencillo. Sin embargo, lejos de convertirse en una tarea pesada, ha sido un viaje profundamente apasionante.<\/p><p>Mientras redactaba y buscaba las im\u00e1genes capaces de capturar esos instantes \u00fanicos, mi mente se llen\u00f3 de recuerdos. Momentos vividos, emociones que cre\u00eda dormidas y sensaciones que regresaban con una fuerza inesperada. A veces se dice que mirar atr\u00e1s conduce a la tristeza, pero puedo asegurar que, para m\u00ed, ha sido justo lo contrario. Ha sido reencontrarme con una parte esencial de mi historia y de la historia de este deporte.<\/p><p>He intentado explorar m\u00faltiples dimensiones del <strong>TRIAL<\/strong>, aquellas que consideraba indispensables para ofrecer una perspectiva m\u00e1s completa y cercana. Cada detalle, cada an\u00e9cdota y cada imagen forman parte de un intento sincero por acercar este deporte no solo a quienes ya lo aman, sino tambi\u00e9n a quienes sienten curiosidad por descubrirlo de una manera sencilla, directa y humana.<\/p><p>Por todo ello, y por muchas otras razones que, aunque evidentes, no dejan de ser necesarias, deseo que esta lectura sea amena y grata. Que invite a revivir emociones en los amantes del <strong>TRIAL<\/strong> y despierte el inter\u00e9s de quienes deseen conocer, desde la cercan\u00eda, la esencia de este apasionante deporte.<\/p>\t\t\t\t\t\t\t\t<\/div>\n\t\t<div class=\"elementor-element elementor-element-3bc078c e-con-full e-flex elementor-invisible e-con e-child\" data-id=\"3bc078c\" data-element_type=\"container\" data-e-type=\"container\" data-settings=\"{&quot;animation&quot;:&quot;fadeInLeft&quot;}\">\n\t\t\t\t<div class=\"elementor-element elementor-element-a7d5d77 elementor-widget elementor-widget-button\" data-id=\"a7d5d77\" data-element_type=\"widget\" data-e-type=\"widget\" data-widget_type=\"button.default\">\n\t\t\t\t\t\t\t\t\t\t<a class=\"elementor-button elementor-button-link elementor-size-sm\" href=\"\/historia\">\n\t\t\t\t\t\t<span class=\"elementor-button-content-wrapper\">\n\t\t\t\t\t\t\t\t\t<span class=\"elementor-button-text\">HISTORIA<\/span>\n\t\t\t\t\t<\/span>\n\t\t\t\t\t<\/a>\n\t\t\t\t\t\t\t\t<\/div>\n\t\t\t\t<\/div>\n\t\t\t\t<\/div>\n\t\t<div class=\"elementor-element elementor-element-ba37b73 e-con-full e-flex e-con e-child\" data-id=\"ba37b73\" data-element_type=\"container\" data-e-type=\"container\">\n\t\t\t\t<div class=\"elementor-element elementor-element-3382857 elementor-widget-mobile__width-initial elementor-widget elementor-widget-image\" data-id=\"3382857\" data-element_type=\"widget\" data-e-type=\"widget\" data-widget_type=\"image.default\">\n\t\t\t\t\t\t\t\t\t\t\t\t\t\t\t<img decoding=\"async\" width=\"533\" height=\"800\" src=\"https:\/\/bonaiguatrial.com\/wp-content\/uploads\/2025\/09\/victormartin-1.jpg\" class=\"attachment-large size-large wp-image-367\" alt=\"\" srcset=\"https:\/\/bonaiguatrial.com\/wp-content\/uploads\/2025\/09\/victormartin-1.jpg 533w, https:\/\/bonaiguatrial.com\/wp-content\/uploads\/2025\/09\/victormartin-1-8x12.jpg 8w\" sizes=\"(max-width: 533px) 100vw, 533px\" \/>\t\t\t\t\t\t\t\t\t\t\t\t\t\t\t<\/div>\n\t\t\t\t<\/div>\n\t\t\t\t\t<\/div>\n\t\t\t\t<\/div>\n\t\t<div class=\"elementor-element elementor-element-7e58688 e-con-full e-flex elementor-invisible e-con e-parent\" data-id=\"7e58688\" data-element_type=\"container\" data-e-type=\"container\" data-settings=\"{&quot;background_background&quot;:&quot;classic&quot;,&quot;animation&quot;:&quot;fadeIn&quot;}\">\n\t\t\t\t<\/div>\n\t\t<div class=\"elementor-element elementor-element-71fb96b e-flex e-con-boxed elementor-invisible e-con e-parent\" data-id=\"71fb96b\" data-element_type=\"container\" data-e-type=\"container\" data-settings=\"{&quot;background_background&quot;:&quot;classic&quot;,&quot;animation&quot;:&quot;fadeIn&quot;}\">\n\t\t\t\t\t<div class=\"e-con-inner\">\n\t\t\t\t<div class=\"elementor-element elementor-element-0f5f93a elementor-widget elementor-widget-heading\" data-id=\"0f5f93a\" data-element_type=\"widget\" data-e-type=\"widget\" data-widget_type=\"heading.default\">\n\t\t\t\t\t<h2 class=\"elementor-heading-title elementor-size-default\">El Trial, desde una mirada personal y sincera<\/h2>\t\t\t\t<\/div>\n\t\t<div class=\"elementor-element elementor-element-52ef590 e-con-full e-flex e-con e-child\" data-id=\"52ef590\" data-element_type=\"container\" data-e-type=\"container\">\n\t\t<div class=\"elementor-element elementor-element-ea3b336 e-con-full e-flex e-con e-child\" data-id=\"ea3b336\" data-element_type=\"container\" data-e-type=\"container\">\n\t\t\t\t<div class=\"elementor-element elementor-element-87b605d elementor-widget elementor-widget-image\" data-id=\"87b605d\" data-element_type=\"widget\" data-e-type=\"widget\" data-widget_type=\"image.default\">\n\t\t\t\t\t\t\t\t\t\t\t\t\t\t\t<img decoding=\"async\" width=\"1050\" height=\"755\" src=\"https:\/\/bonaiguatrial.com\/wp-content\/uploads\/2025\/09\/victormartin.jpg\" class=\"attachment-large size-large wp-image-243\" alt=\"\" srcset=\"https:\/\/bonaiguatrial.com\/wp-content\/uploads\/2025\/09\/victormartin.jpg 1050w, https:\/\/bonaiguatrial.com\/wp-content\/uploads\/2025\/09\/victormartin-768x552.jpg 768w\" sizes=\"(max-width: 1050px) 100vw, 1050px\" \/>\t\t\t\t\t\t\t\t\t\t\t\t\t\t\t<\/div>\n\t\t\t\t<\/div>\n\t\t<div class=\"elementor-element elementor-element-4e28e92 e-con-full e-flex e-con e-child\" data-id=\"4e28e92\" data-element_type=\"container\" data-e-type=\"container\">\n\t\t\t\t<div class=\"elementor-element elementor-element-f595a6a elementor-widget elementor-widget-heading\" data-id=\"f595a6a\" data-element_type=\"widget\" data-e-type=\"widget\" data-widget_type=\"heading.default\">\n\t\t\t\t\t<h2 class=\"elementor-heading-title elementor-size-default\">UNA MIRADA COMPLETA AL MUNDO DEL TRIAL<\/h2>\t\t\t\t<\/div>\n\t\t\t\t<div class=\"elementor-element elementor-element-d5c8e53 elementor-widget elementor-widget-text-editor\" data-id=\"d5c8e53\" data-element_type=\"widget\" data-e-type=\"widget\" data-widget_type=\"text-editor.default\">\n\t\t\t\t\t\t\t\t\t<p class=\"p1\">Esta Web contiene hechos que me afectan a mi personalmente, pero tambi\u00e9n hechos que sucedieron, suceden y seguir\u00e1n sucediendo en el mundo del TRIAL. Est\u00e1 redactado pensando en mi experiencia y afici\u00f3n, en la competici\u00f3n y los pilotos, aunque en ning\u00fan momento he dejado de lado la historia, el reglamento, la t\u00e9cnica, mi piloto favorito e incluso los problemas medio ambientales actuales.<\/p><p class=\"p1\"><span class=\"s2\">No pretende ser una \u00abenciclopedia\u00bb de nada, al contrario, es un portal m\u00e1s, modesto, de un deporte, el TRIAL, que me apasiona.<\/span><\/p>\t\t\t\t\t\t\t\t<\/div>\n\t\t\t\t<div class=\"elementor-element elementor-element-445f76d elementor-widget elementor-widget-button\" data-id=\"445f76d\" data-element_type=\"widget\" data-e-type=\"widget\" data-widget_type=\"button.default\">\n\t\t\t\t\t\t\t\t\t\t<a class=\"elementor-button elementor-button-link elementor-size-sm\" href=\"\/links\">\n\t\t\t\t\t\t<span class=\"elementor-button-content-wrapper\">\n\t\t\t\t\t\t\t\t\t<span class=\"elementor-button-text\">INFORMACI\u00d3N DE INTER\u00c9S<\/span>\n\t\t\t\t\t<\/span>\n\t\t\t\t\t<\/a>\n\t\t\t\t\t\t\t\t<\/div>\n\t\t\t\t<\/div>\n\t\t\t\t<\/div>\n\t\t\t\t\t<\/div>\n\t\t\t\t<\/div>\n\t\t\t\t<\/div>\n\t\t","protected":false},"excerpt":{"rendered":"<p>Binevenidos\/as a mi sitio web un lugar de encuentro para todos los aficionados al TRIAL. QUI\u00c9N SOY \u201cDescubridor\u201d de las ruedas de tacos a los 6 a\u00f1os. Tan solo un ni\u00f1o, pero ya entonces, en aquella casa h\u00fameda de La Floresta (Sant Cugat), mis padres, Jos\u00e9 Antonio y Mar\u00eda, me metieron, casi sin darse cuenta, [&hellip;]<\/p>\n","protected":false},"author":1,"featured_media":0,"parent":0,"menu_order":0,"comment_status":"closed","ping_status":"closed","template":"","meta":{"footnotes":""},"class_list":["post-12","page","type-page","status-publish","hentry"],"_links":{"self":[{"href":"https:\/\/bonaiguatrial.com\/ca\/wp-json\/wp\/v2\/pages\/12","targetHints":{"allow":["GET"]}}],"collection":[{"href":"https:\/\/bonaiguatrial.com\/ca\/wp-json\/wp\/v2\/pages"}],"about":[{"href":"https:\/\/bonaiguatrial.com\/ca\/wp-json\/wp\/v2\/types\/page"}],"author":[{"embeddable":true,"href":"https:\/\/bonaiguatrial.com\/ca\/wp-json\/wp\/v2\/users\/1"}],"replies":[{"embeddable":true,"href":"https:\/\/bonaiguatrial.com\/ca\/wp-json\/wp\/v2\/comments?post=12"}],"version-history":[{"count":188,"href":"https:\/\/bonaiguatrial.com\/ca\/wp-json\/wp\/v2\/pages\/12\/revisions"}],"predecessor-version":[{"id":21282,"href":"https:\/\/bonaiguatrial.com\/ca\/wp-json\/wp\/v2\/pages\/12\/revisions\/21282"}],"wp:attachment":[{"href":"https:\/\/bonaiguatrial.com\/ca\/wp-json\/wp\/v2\/media?parent=12"}],"curies":[{"name":"wp","href":"https:\/\/api.w.org\/{rel}","templated":true}]}}